{"id":14,"date":"2025-10-30T18:56:24","date_gmt":"2025-10-30T17:56:24","guid":{"rendered":"https:\/\/aurelianbiotech.com\/?page_id=14"},"modified":"2025-12-15T11:15:13","modified_gmt":"2025-12-15T10:15:13","slug":"aurelian-biotech","status":"publish","type":"page","link":"https:\/\/aurelianbiotech.com\/en\/","title":{"rendered":"Aurelian Biotech"},"content":{"rendered":"\t\t<div data-elementor-type=\"wp-page\" data-elementor-id=\"14\" class=\"elementor elementor-14\" data-elementor-post-type=\"page\">\n\t\t\t\t<div class=\"elementor-element elementor-element-129427e e-flex e-con-boxed e-con e-parent\" data-id=\"129427e\" data-element_type=\"container\" data-e-type=\"container\" data-settings=\"{&quot;background_background&quot;:&quot;video&quot;,&quot;background_video_link&quot;:&quot;https:\\\/\\\/aurelianbiotech.com\\\/wp-content\\\/uploads\\\/2025\\\/10\\\/home_1.mp4&quot;,&quot;background_play_on_mobile&quot;:&quot;yes&quot;}\">\n\t\t\t\t\t<div class=\"e-con-inner\">\n\t\t<div class=\"elementor-background-video-container\">\n\t\t\t\t\t\t\t<video class=\"elementor-background-video-hosted\" role=\"presentation\" autoplay muted playsinline loop><\/video>\n\t\t\t\t\t<\/div><div class=\"elementor-element elementor-element-8624e15 e-grid e-con-full e-con e-child\" data-id=\"8624e15\" data-element_type=\"container\" data-e-type=\"container\">\n\t\t\t\t<div class=\"elementor-element elementor-element-90d983e elementor-widget elementor-widget-image\" data-id=\"90d983e\" data-element_type=\"widget\" data-e-type=\"widget\" data-widget_type=\"image.default\">\n\t\t\t\t\t\t\t\t\t\t\t\t\t\t\t<img decoding=\"async\" width=\"242\" height=\"50\" src=\"https:\/\/aurelianbiotech.com\/wp-content\/uploads\/2025\/10\/aurelian-biotech.svg\" class=\"attachment-full size-full wp-image-25\" alt=\"Aurelian Biotech\" \/>\t\t\t\t\t\t\t\t\t\t\t\t\t\t\t<\/div>\n\t\t\t\t<div class=\"elementor-element elementor-element-9dc6fa9 elementor-align-right elementor-mobile-align-center elementor-widget elementor-widget-button\" data-id=\"9dc6fa9\" data-element_type=\"widget\" data-e-type=\"widget\" data-widget_type=\"button.default\">\n\t\t\t\t\t\t\t\t\t\t<a class=\"elementor-button elementor-button-link elementor-size-sm\" href=\"https:\/\/tienda.aurelianbiotech.com\/\" target=\"_blank\">\n\t\t\t\t\t\t<span class=\"elementor-button-content-wrapper\">\n\t\t\t\t\t\t\t\t\t<span class=\"elementor-button-text\">VISITAR NUESTRA TIENDA<\/span>\n\t\t\t\t\t<\/span>\n\t\t\t\t\t<\/a>\n\t\t\t\t\t\t\t\t<\/div>\n\t\t\t\t<\/div>\n\t\t\t\t<div class=\"elementor-element elementor-element-476fddc animated-slow elementor-invisible elementor-widget elementor-widget-heading\" data-id=\"476fddc\" data-element_type=\"widget\" data-e-type=\"widget\" data-settings=\"{&quot;_animation&quot;:&quot;fadeInDown&quot;}\" data-widget_type=\"heading.default\">\n\t\t\t\t\t<h1 class=\"elementor-heading-title elementor-size-default\">Soluciones para la agricultura, <br>la ganader\u00eda y el agua<\/h1>\t\t\t\t<\/div>\n\t\t<div class=\"elementor-element elementor-element-fc20c33 e-grid e-con-full e-con e-child\" data-id=\"fc20c33\" data-element_type=\"container\" data-e-type=\"container\">\n\t\t\t\t<div class=\"elementor-element elementor-element-896ca22 elementor-position-top elementor-invisible elementor-widget elementor-widget-image-box\" data-id=\"896ca22\" data-element_type=\"widget\" data-e-type=\"widget\" data-settings=\"{&quot;_animation&quot;:&quot;fadeInDown&quot;}\" data-widget_type=\"image-box.default\">\n\t\t\t\t\t<div class=\"elementor-image-box-wrapper\"><figure class=\"elementor-image-box-img\"><a href=\"https:\/\/biaurelian.com\" target=\"_blank\" tabindex=\"-1\"><img fetchpriority=\"high\" decoding=\"async\" width=\"414\" height=\"416\" src=\"https:\/\/aurelianbiotech.com\/wp-content\/uploads\/2025\/10\/biaurelian.png\" class=\"attachment-full size-full wp-image-34\" alt=\"biaurelian fondos marinos\" srcset=\"https:\/\/aurelianbiotech.com\/wp-content\/uploads\/2025\/10\/biaurelian.png 414w, https:\/\/aurelianbiotech.com\/wp-content\/uploads\/2025\/10\/biaurelian-300x300.png 300w, https:\/\/aurelianbiotech.com\/wp-content\/uploads\/2025\/10\/biaurelian-150x150.png 150w\" sizes=\"(max-width: 414px) 100vw, 414px\" \/><\/a><\/figure><div class=\"elementor-image-box-content\"><h3 class=\"elementor-image-box-title\"><a href=\"https:\/\/biaurelian.com\" target=\"_blank\">BIAURELIAN<\/a><\/h3><p class=\"elementor-image-box-description\">Recuperaci\u00f3n de <br>fondos marinos<\/p><\/div><\/div>\t\t\t\t<\/div>\n\t\t\t\t<div class=\"elementor-element elementor-element-129d3fa elementor-position-top elementor-invisible elementor-widget elementor-widget-image-box\" data-id=\"129d3fa\" data-element_type=\"widget\" data-e-type=\"widget\" data-settings=\"{&quot;_animation&quot;:&quot;fadeInDown&quot;,&quot;_animation_delay&quot;:100}\" data-widget_type=\"image-box.default\">\n\t\t\t\t\t<div class=\"elementor-image-box-wrapper\"><figure class=\"elementor-image-box-img\"><a href=\"https:\/\/singei.com\" target=\"_blank\" tabindex=\"-1\"><img decoding=\"async\" width=\"412\" height=\"434\" src=\"https:\/\/aurelianbiotech.com\/wp-content\/uploads\/2025\/10\/singei-icon.png\" class=\"attachment-full size-full wp-image-37\" alt=\"\" srcset=\"https:\/\/aurelianbiotech.com\/wp-content\/uploads\/2025\/10\/singei-icon.png 412w, https:\/\/aurelianbiotech.com\/wp-content\/uploads\/2025\/10\/singei-icon-285x300.png 285w\" sizes=\"(max-width: 412px) 100vw, 412px\" \/><\/a><\/figure><div class=\"elementor-image-box-content\"><h3 class=\"elementor-image-box-title\"><a href=\"https:\/\/singei.com\" target=\"_blank\">SINGEI<\/a><\/h3><p class=\"elementor-image-box-description\">Tratamiento de <br>purines de porcino<\/p><\/div><\/div>\t\t\t\t<\/div>\n\t\t\t\t<div class=\"elementor-element elementor-element-762ffee elementor-position-top elementor-invisible elementor-widget elementor-widget-image-box\" data-id=\"762ffee\" data-element_type=\"widget\" data-e-type=\"widget\" data-settings=\"{&quot;_animation&quot;:&quot;fadeInDown&quot;,&quot;_animation_delay&quot;:200}\" data-widget_type=\"image-box.default\">\n\t\t\t\t\t<div class=\"elementor-image-box-wrapper\"><figure class=\"elementor-image-box-img\"><a href=\"https:\/\/fertizel.com\" target=\"_blank\" tabindex=\"-1\"><img loading=\"lazy\" decoding=\"async\" width=\"414\" height=\"422\" src=\"https:\/\/aurelianbiotech.com\/wp-content\/uploads\/2025\/10\/fertizel-icon.png\" class=\"attachment-full size-full wp-image-36\" alt=\"\" srcset=\"https:\/\/aurelianbiotech.com\/wp-content\/uploads\/2025\/10\/fertizel-icon.png 414w, https:\/\/aurelianbiotech.com\/wp-content\/uploads\/2025\/10\/fertizel-icon-294x300.png 294w\" sizes=\"(max-width: 414px) 100vw, 414px\" \/><\/a><\/figure><div class=\"elementor-image-box-content\"><h3 class=\"elementor-image-box-title\"><a href=\"https:\/\/fertizel.com\" target=\"_blank\">FERTIZEL<\/a><\/h3><p class=\"elementor-image-box-description\">Soluciones agr\u00edcolas <br>con zeolitas<\/p><\/div><\/div>\t\t\t\t<\/div>\n\t\t\t\t<div class=\"elementor-element elementor-element-45f2774 elementor-position-top elementor-invisible elementor-widget elementor-widget-image-box\" data-id=\"45f2774\" data-element_type=\"widget\" data-e-type=\"widget\" data-settings=\"{&quot;_animation&quot;:&quot;fadeInDown&quot;,&quot;_animation_delay&quot;:300}\" data-widget_type=\"image-box.default\">\n\t\t\t\t\t<div class=\"elementor-image-box-wrapper\"><figure class=\"elementor-image-box-img\"><a href=\"https:\/\/acuazel.com\" target=\"_blank\" tabindex=\"-1\"><img loading=\"lazy\" decoding=\"async\" width=\"408\" height=\"421\" src=\"https:\/\/aurelianbiotech.com\/wp-content\/uploads\/2025\/10\/acuazel-icon.png\" class=\"attachment-full size-full wp-image-38\" alt=\"Acuazel - Mejora del agua del campo\" srcset=\"https:\/\/aurelianbiotech.com\/wp-content\/uploads\/2025\/10\/acuazel-icon.png 408w, https:\/\/aurelianbiotech.com\/wp-content\/uploads\/2025\/10\/acuazel-icon-291x300.png 291w\" sizes=\"(max-width: 408px) 100vw, 408px\" \/><\/a><\/figure><div class=\"elementor-image-box-content\"><h3 class=\"elementor-image-box-title\"><a href=\"https:\/\/acuazel.com\" target=\"_blank\">ACUAZEL<\/a><\/h3><p class=\"elementor-image-box-description\">Mejora del <br>agua del campo<\/p><\/div><\/div>\t\t\t\t<\/div>\n\t\t\t\t<\/div>\n\t\t\t\t\t<\/div>\n\t\t\t\t<\/div>\n\t\t<div class=\"elementor-element elementor-element-f6d19b0 e-flex e-con-boxed e-con e-parent\" data-id=\"f6d19b0\" data-element_type=\"container\" data-e-type=\"container\">\n\t\t\t\t\t<div class=\"e-con-inner\">\n\t\t<div class=\"elementor-element elementor-element-4d37f9c e-con-full e-flex e-con e-child\" data-id=\"4d37f9c\" data-element_type=\"container\" data-e-type=\"container\">\n\t\t\t\t<div class=\"elementor-element elementor-element-3230e15 elementor-widget elementor-widget-text-editor\" data-id=\"3230e15\" data-element_type=\"widget\" data-e-type=\"widget\" data-widget_type=\"text-editor.default\">\n\t\t\t\t\t\t\t\t\t<p><b>Aurelian Biotech <\/b>somos una empresa espa\u00f1ola de la industria biotecnol\u00f3gica inorg\u00e1nica, cuya actividad principal es entregar soluciones ambientales en productos para la <b>agricultura<\/b>, la <b>ganader\u00eda <\/b>y el <b>agua<\/b>.<\/p>\n<p>Estamos orientados a la <b>reparaci\u00f3n medioambiental<\/b> y los factores que han desencadenado en el Antropoceno, con una l\u00ednea de trabajo que persigue objetivos de recuperaci\u00f3n a lo natural y lo org\u00e1nico en los campos agr\u00edcola, ganadero y acu\u00e1tico, en sus tres l\u00edneas industriales.<\/p>\n<p>Estamos comprometidos con la lucha por el Cambio Clim\u00e1tico, especialmente por la <b>reducci\u00f3n de los gases de efecto invernadero<\/b> (GEI) y la recuperaci\u00f3n de nuestras aguas y suelos abatidos por el Antropoceno.<\/p>\n<p>Fundada en Espa\u00f1a en 2022, el equipo cuenta con 20 a\u00f1os de experiencia en el campo ganadero, agr\u00edcola, acuicultura, contaminaci\u00f3n urbana y minera, as\u00ed como en el desarrollo de soluciones de gran usabilidad e <b>impacto sostenible<\/b>.<\/p>\t\t\t\t\t\t\t\t<\/div>\n\t\t\t\t<\/div>\n\t\t<div class=\"elementor-element elementor-element-0b92976 e-con-full e-flex e-con e-child\" data-id=\"0b92976\" data-element_type=\"container\" data-e-type=\"container\">\n\t\t\t\t<div class=\"elementor-element elementor-element-900c466 elementor-widget elementor-widget-image\" data-id=\"900c466\" data-element_type=\"widget\" data-e-type=\"widget\" data-widget_type=\"image.default\">\n\t\t\t\t\t\t\t\t\t\t\t\t\t\t\t<img loading=\"lazy\" decoding=\"async\" width=\"800\" height=\"906\" src=\"https:\/\/aurelianbiotech.com\/wp-content\/uploads\/2025\/10\/aurelian-biotech-quienes-904x1024.png\" class=\"attachment-large size-large wp-image-28\" alt=\"Qui\u00e9nes somos\" srcset=\"https:\/\/aurelianbiotech.com\/wp-content\/uploads\/2025\/10\/aurelian-biotech-quienes-904x1024.png 904w, https:\/\/aurelianbiotech.com\/wp-content\/uploads\/2025\/10\/aurelian-biotech-quienes-265x300.png 265w, https:\/\/aurelianbiotech.com\/wp-content\/uploads\/2025\/10\/aurelian-biotech-quienes-768x870.png 768w, https:\/\/aurelianbiotech.com\/wp-content\/uploads\/2025\/10\/aurelian-biotech-quienes.png 1024w\" sizes=\"(max-width: 800px) 100vw, 800px\" \/>\t\t\t\t\t\t\t\t\t\t\t\t\t\t\t<\/div>\n\t\t\t\t<\/div>\n\t\t\t\t\t<\/div>\n\t\t\t\t<\/div>\n\t\t<div class=\"elementor-element elementor-element-60f26b5 e-flex e-con-boxed e-con e-parent\" data-id=\"60f26b5\" data-element_type=\"container\" data-e-type=\"container\">\n\t\t\t\t\t<div class=\"e-con-inner\">\n\t\t<div class=\"elementor-element elementor-element-ebab9b0 e-con-full e-flex e-con e-child\" data-id=\"ebab9b0\" data-element_type=\"container\" data-e-type=\"container\">\n\t\t\t\t<\/div>\n\t\t<div class=\"elementor-element elementor-element-14708f3 e-con-full e-flex e-con e-child\" data-id=\"14708f3\" data-element_type=\"container\" data-e-type=\"container\">\n\t\t\t\t<div class=\"elementor-element elementor-element-ec38e9e elementor-widget elementor-widget-heading\" data-id=\"ec38e9e\" data-element_type=\"widget\" data-e-type=\"widget\" data-widget_type=\"heading.default\">\n\t\t\t\t\t<h3 class=\"elementor-heading-title elementor-size-default\">CONTACTA CON AURELIAN BIOTECH<\/h3>\t\t\t\t<\/div>\n\t\t\t\t<div class=\"elementor-element elementor-element-41c6109 elementor-button-align-center elementor-widget elementor-widget-form\" data-id=\"41c6109\" data-element_type=\"widget\" data-e-type=\"widget\" data-settings=\"{&quot;step_next_label&quot;:&quot;Next&quot;,&quot;step_previous_label&quot;:&quot;Previous&quot;,&quot;button_width&quot;:&quot;100&quot;,&quot;step_type&quot;:&quot;number_text&quot;,&quot;step_icon_shape&quot;:&quot;circle&quot;}\" data-widget_type=\"form.default\">\n\t\t\t\t\t\t\t<form class=\"elementor-form\" method=\"post\" name=\"New Form\" aria-label=\"New Form\">\n\t\t\t<input type=\"hidden\" name=\"post_id\" value=\"14\"\/>\n\t\t\t<input type=\"hidden\" name=\"form_id\" value=\"41c6109\"\/>\n\t\t\t<input type=\"hidden\" name=\"referer_title\" value=\"\" \/>\n\n\t\t\t\t\t\t\t<input type=\"hidden\" name=\"queried_id\" value=\"14\"\/>\n\t\t\t\n\t\t\t<div class=\"elementor-form-fields-wrapper elementor-labels-\">\n\t\t\t\t\t\t\t\t<div class=\"elementor-field-type-text elementor-field-group elementor-column elementor-field-group-name elementor-col-50 elementor-field-required\">\n\t\t\t\t\t\t\t\t\t\t\t\t<label for=\"form-field-name\" class=\"elementor-field-label elementor-screen-only\">\n\t\t\t\t\t\t\t\tName\t\t\t\t\t\t\t<\/label>\n\t\t\t\t\t\t\t\t\t\t\t\t\t\t<input size=\"1\" type=\"text\" name=\"form_fields[name]\" id=\"form-field-name\" class=\"elementor-field elementor-size-sm  elementor-field-textual\" placeholder=\"Tu nombre\" required=\"required\">\n\t\t\t\t\t\t\t\t\t\t\t<\/div>\n\t\t\t\t\t\t\t\t<div class=\"elementor-field-type-email elementor-field-group elementor-column elementor-field-group-email elementor-col-50 elementor-field-required\">\n\t\t\t\t\t\t\t\t\t\t\t\t<label for=\"form-field-email\" class=\"elementor-field-label elementor-screen-only\">\n\t\t\t\t\t\t\t\tEmail\t\t\t\t\t\t\t<\/label>\n\t\t\t\t\t\t\t\t\t\t\t\t\t\t<input size=\"1\" type=\"email\" name=\"form_fields[email]\" id=\"form-field-email\" class=\"elementor-field elementor-size-sm  elementor-field-textual\" placeholder=\"Tu Email\" required=\"required\">\n\t\t\t\t\t\t\t\t\t\t\t<\/div>\n\t\t\t\t\t\t\t\t<div class=\"elementor-field-type-textarea elementor-field-group elementor-column elementor-field-group-message elementor-col-100 elementor-field-required\">\n\t\t\t\t\t\t\t\t\t\t\t\t<label for=\"form-field-message\" class=\"elementor-field-label elementor-screen-only\">\n\t\t\t\t\t\t\t\tMessage\t\t\t\t\t\t\t<\/label>\n\t\t\t\t\t\t<textarea class=\"elementor-field-textual elementor-field  elementor-size-sm\" name=\"form_fields[message]\" id=\"form-field-message\" rows=\"4\" placeholder=\"Tu mensaje\" required=\"required\"><\/textarea>\t\t\t\t<\/div>\n\t\t\t\t\t\t\t\t<div class=\"elementor-field-type-acceptance elementor-field-group elementor-column elementor-field-group-field_44d5e45 elementor-col-100 elementor-field-required\">\n\t\t\t\t\t\t\t<div class=\"elementor-field-subgroup\">\n\t\t\t<span class=\"elementor-field-option\">\n\t\t\t\t<input type=\"checkbox\" name=\"form_fields[field_44d5e45]\" id=\"form-field-field_44d5e45\" class=\"elementor-field elementor-size-sm  elementor-acceptance-field\" required=\"required\">\n\t\t\t\t<label for=\"form-field-field_44d5e45\">Acepto las <a href=\"\/politica-privacidad\/\">condiciones y pol\u00edtica de privacidad<\/a> del sitio<\/label>\t\t\t<\/span>\n\t\t<\/div>\n\t\t\t\t\t\t<\/div>\n\t\t\t\t\t\t\t\t<div class=\"elementor-field-type-recaptcha_v3 elementor-field-group elementor-column elementor-field-group-field_ceedb03 elementor-col-100 recaptcha_v3-bottomleft\">\n\t\t\t\t\t<div class=\"elementor-field\" id=\"form-field-field_ceedb03\"><div class=\"elementor-g-recaptcha\" data-sitekey=\"6Lc4KywsAAAAAK6nP9tjtYQmywFYkhT96rsOX-UK\" data-type=\"v3\" data-action=\"Form\" data-badge=\"bottomleft\" data-size=\"invisible\"><\/div><\/div>\t\t\t\t<\/div>\n\t\t\t\t\t\t\t\t<div class=\"elementor-field-group elementor-column elementor-field-type-submit elementor-col-100 e-form__buttons\">\n\t\t\t\t\t<button class=\"elementor-button elementor-size-sm elementor-animation-push\" type=\"submit\">\n\t\t\t\t\t\t<span class=\"elementor-button-content-wrapper\">\n\t\t\t\t\t\t\t\t\t\t\t\t\t\t\t\t\t\t\t\t\t\t<span class=\"elementor-button-text\">ENVIAR<\/span>\n\t\t\t\t\t\t\t\t\t\t\t\t\t<\/span>\n\t\t\t\t\t<\/button>\n\t\t\t\t<\/div>\n\t\t\t<\/div>\n\t\t<\/form>\n\t\t\t\t\t\t<\/div>\n\t\t\t\t<\/div>\n\t\t<div class=\"elementor-element elementor-element-85d808f e-con-full e-flex e-con e-child\" data-id=\"85d808f\" data-element_type=\"container\" data-e-type=\"container\">\n\t\t\t\t<\/div>\n\t\t\t\t\t<\/div>\n\t\t\t\t<\/div>\n\t\t<div class=\"elementor-element elementor-element-e60f5c7 e-flex e-con-boxed e-con e-parent\" data-id=\"e60f5c7\" data-element_type=\"container\" data-e-type=\"container\">\n\t\t\t\t\t<div class=\"e-con-inner\">\n\t\t\t\t<div class=\"elementor-element elementor-element-83677d5 elementor-widget elementor-widget-spacer\" data-id=\"83677d5\" data-element_type=\"widget\" data-e-type=\"widget\" data-widget_type=\"spacer.default\">\n\t\t\t\t\t\t\t<div class=\"elementor-spacer\">\n\t\t\t<div class=\"elementor-spacer-inner\"><\/div>\n\t\t<\/div>\n\t\t\t\t\t\t<\/div>\n\t\t\t\t\t<\/div>\n\t\t\t\t<\/div>\n\t\t\t\t<\/div>\n\t\t","protected":false},"excerpt":{"rendered":"<p>Aditivos Tecnol\u00f3gicos &#8211; biotecnolog\u00eda inorg\u00e1nica para la agricultura, la ganader\u00eda y el agua<\/p>","protected":false},"author":1,"featured_media":17,"parent":0,"menu_order":0,"comment_status":"closed","ping_status":"closed","template":"elementor_canvas","meta":{"footnotes":""},"class_list":["post-14","page","type-page","status-publish","has-post-thumbnail","hentry"],"_links":{"self":[{"href":"https:\/\/aurelianbiotech.com\/en\/wp-json\/wp\/v2\/pages\/14","targetHints":{"allow":["GET"]}}],"collection":[{"href":"https:\/\/aurelianbiotech.com\/en\/wp-json\/wp\/v2\/pages"}],"about":[{"href":"https:\/\/aurelianbiotech.com\/en\/wp-json\/wp\/v2\/types\/page"}],"author":[{"embeddable":true,"href":"https:\/\/aurelianbiotech.com\/en\/wp-json\/wp\/v2\/users\/1"}],"replies":[{"embeddable":true,"href":"https:\/\/aurelianbiotech.com\/en\/wp-json\/wp\/v2\/comments?post=14"}],"version-history":[{"count":34,"href":"https:\/\/aurelianbiotech.com\/en\/wp-json\/wp\/v2\/pages\/14\/revisions"}],"predecessor-version":[{"id":97,"href":"https:\/\/aurelianbiotech.com\/en\/wp-json\/wp\/v2\/pages\/14\/revisions\/97"}],"wp:featuredmedia":[{"embeddable":true,"href":"https:\/\/aurelianbiotech.com\/en\/wp-json\/wp\/v2\/media\/17"}],"wp:attachment":[{"href":"https:\/\/aurelianbiotech.com\/en\/wp-json\/wp\/v2\/media?parent=14"}],"curies":[{"name":"wp","href":"https:\/\/api.w.org\/{rel}","templated":true}]}}